{"id":62,"date":"2021-07-13T10:35:28","date_gmt":"2021-07-13T10:35:28","guid":{"rendered":"https:\/\/www.marksopen.com\/?page_id=62"},"modified":"2023-01-11T10:58:01","modified_gmt":"2023-01-11T10:58:01","slug":"expertos-en-marcas-y-patentes","status":"publish","type":"page","link":"https:\/\/www.marksopen.com\/?page_id=62","title":{"rendered":"QUI\u00c9NES SOMOS"},"content":{"rendered":"\n<p class=\"has-text-align-left\"><strong>Ma\u00aeks Open<\/strong> es una firma especializada en el asesoramiento, tramitaci\u00f3n y defensa en materia de Propiedad Industrial. Tenemos m\u00e1s de 30 a\u00f1os de experiencia en este campo exclusivamente; esta es la raz\u00f3n principal por la que nuestro equipo, compuesto por abogados, ingenieros y traductores especialistas, est\u00e1 altamente calificado para asesorar en cualquier caso de Propiedad Industrial. <\/p>\n\n\n\n<p class=\"has-text-align-left\">La experiencia adquirida durante estos a\u00f1os de servicio, dedicaci\u00f3n y formaci\u00f3n continua, nos han posicionado como especialistas  capaces de dar respuesta a cualquiera de tus necesidades. <\/p>\n\n\n\n<p><strong>Ma\u00aeks Open<\/strong>, en la actualidad, cuenta con corresponsales en todo el mundo y mantiene una s\u00f3lida base de clientes, tanto a nivel nacional como internacional, a los que ofrece asesoramiento en todo lo relativo a Marcas Espa\u00f1olas, Marcas de la Uni\u00f3n Europea, Patentes, Modelos de Utilidad, Dise\u00f1os Industriales Espa\u00f1oles, Dise\u00f1os de la Uni\u00f3n Europea y cualquier otra materia de Propiedad Industrial. <\/p>\n\n\n\n<p>Nuestro objetivo es ofrecer un servicio cercano y personalizado, propio de las peque\u00f1as empresas y al mismo tiempo aportar las \u00faltimas t\u00e9cnicas en gesti\u00f3n y sistemas inform\u00e1ticos, para mantener una alta especializaci\u00f3n jur\u00eddica y t\u00e9cnica. <\/p>\n\n\n\n<p>Estamos disponibles los 365 d\u00edas del a\u00f1o, as\u00ed que esperamos que pronto cuentes con nosotros. <\/p>\n\n\n\n<p>Saludos del equipo de <strong>Ma\u00aeks Open<\/strong><\/p>\n","protected":false},"excerpt":{"rendered":"<p>Ma\u00aeks Open es una firma especializada en el asesoramiento, tramitaci\u00f3n y defensa en materia de Propiedad Industrial. Tenemos m\u00e1s de [&hellip;]<\/p>\n","protected":false},"author":1,"featured_media":0,"parent":0,"menu_order":0,"comment_status":"closed","ping_status":"closed","template":"","meta":{"om_disable_all_campaigns":false,"_monsterinsights_skip_tracking":false,"_monsterinsights_sitenote_active":false,"_monsterinsights_sitenote_note":"","_monsterinsights_sitenote_category":0,"footnotes":""},"class_list":["post-62","page","type-page","status-publish","hentry"],"aioseo_notices":[],"yoast_head":"<!-- This site is optimized with the Yoast SEO plugin v19.14 - https:\/\/yoast.com\/wordpress\/plugins\/seo\/ -->\n<title>QUI\u00c9NES SOMOS<\/title>\n<meta name=\"description\" content=\"Ma\u00aeks Open es una firma especializada en el asesoramiento, tramitaci\u00f3n y defensa en materia de Propiedad Industrial. Tenemos m\u00e1s de 30 a\u00f1os de experiencia en este campo exclusivamente; esta es la raz\u00f3n principal por la que nuestro equipo, compuesto por abogados, ingenieros y traductores especialistas, est\u00e1 altamente calificado para asesorar en cualquier caso de Propiedad Industrial.\" \/>\n<meta name=\"robots\" content=\"index, follow, max-snippet:-1, max-image-preview:large, max-video-preview:-1\" \/>\n<link rel=\"canonical\" href=\"https:\/\/www.marksopen.com\/?page_id=62\" \/>\n<meta property=\"og:locale\" content=\"es_ES\" \/>\n<meta property=\"og:type\" content=\"article\" \/>\n<meta property=\"og:title\" content=\"QUI\u00c9NES SOMOS\" \/>\n<meta property=\"og:description\" content=\"Ma\u00aeks Open es una firma especializada en el asesoramiento, tramitaci\u00f3n y defensa en materia de Propiedad Industrial. Tenemos m\u00e1s de 30 a\u00f1os de experiencia en este campo exclusivamente; esta es la raz\u00f3n principal por la que nuestro equipo, compuesto por abogados, ingenieros y traductores especialistas, est\u00e1 altamente calificado para asesorar en cualquier caso de Propiedad Industrial.\" \/>\n<meta property=\"og:url\" content=\"https:\/\/www.marksopen.com\/?page_id=62\" \/>\n<meta property=\"og:site_name\" content=\"365 \u20ac Marca Nacional - 1.199 \u20ac Marca de la Uni\u00f3n Europea\" \/>\n<meta property=\"article:publisher\" content=\"https:\/\/www.facebook.com\/marksopen\/\" \/>\n<meta property=\"article:modified_time\" content=\"2023-01-11T10:58:01+00:00\" \/>\n<meta name=\"twitter:card\" content=\"summary_large_image\" \/>\n<meta name=\"twitter:label1\" content=\"Tiempo de lectura\" \/>\n\t<meta name=\"twitter:data1\" content=\"1 minuto\" \/>\n<script type=\"application\/ld+json\" class=\"yoast-schema-graph\">{\"@context\":\"https:\/\/schema.org\",\"@graph\":[{\"@type\":\"WebPage\",\"@id\":\"https:\/\/www.marksopen.com\/?page_id=62\",\"url\":\"https:\/\/www.marksopen.com\/?page_id=62\",\"name\":\"QUI\u00c9NES SOMOS\",\"isPartOf\":{\"@id\":\"https:\/\/www.marksopen.com\/#website\"},\"datePublished\":\"2021-07-13T10:35:28+00:00\",\"dateModified\":\"2023-01-11T10:58:01+00:00\",\"description\":\"Ma\u00aeks Open es una firma especializada en el asesoramiento, tramitaci\u00f3n y defensa en materia de Propiedad Industrial. Tenemos m\u00e1s de 30 a\u00f1os de experiencia en este campo exclusivamente; esta es la raz\u00f3n principal por la que nuestro equipo, compuesto por abogados, ingenieros y traductores especialistas, est\u00e1 altamente calificado para asesorar en cualquier caso de Propiedad Industrial.\",\"breadcrumb\":{\"@id\":\"https:\/\/www.marksopen.com\/?page_id=62#breadcrumb\"},\"inLanguage\":\"es\",\"potentialAction\":[{\"@type\":\"ReadAction\",\"target\":[\"https:\/\/www.marksopen.com\/?page_id=62\"]}]},{\"@type\":\"BreadcrumbList\",\"@id\":\"https:\/\/www.marksopen.com\/?page_id=62#breadcrumb\",\"itemListElement\":[{\"@type\":\"ListItem\",\"position\":1,\"name\":\"Portada\",\"item\":\"https:\/\/www.marksopen.com\/\"},{\"@type\":\"ListItem\",\"position\":2,\"name\":\"QUI\u00c9NES SOMOS\"}]},{\"@type\":\"WebSite\",\"@id\":\"https:\/\/www.marksopen.com\/#website\",\"url\":\"https:\/\/www.marksopen.com\/\",\"name\":\"MARKOPEN\",\"description\":\"Nos encargamos de proteger tu MARCA o PATENTE en cualquier pa\u00eds del mundo\",\"publisher\":{\"@id\":\"https:\/\/www.marksopen.com\/#organization\"},\"alternateName\":\"MARCAS Y PATENTES\",\"potentialAction\":[{\"@type\":\"SearchAction\",\"target\":{\"@type\":\"EntryPoint\",\"urlTemplate\":\"https:\/\/www.marksopen.com\/?s={search_term_string}\"},\"query-input\":\"required name=search_term_string\"}],\"inLanguage\":\"es\"},{\"@type\":\"Organization\",\"@id\":\"https:\/\/www.marksopen.com\/#organization\",\"name\":\"MARKOPEN\",\"alternateName\":\"MARCAS Y PATENTES\",\"url\":\"https:\/\/www.marksopen.com\/\",\"logo\":{\"@type\":\"ImageObject\",\"inLanguage\":\"es\",\"@id\":\"https:\/\/www.marksopen.com\/#\/schema\/logo\/image\/\",\"url\":\"https:\/\/www.marksopen.com\/wp-content\/uploads\/2023\/01\/cropped-LOGO-GRANDE.jpg\",\"contentUrl\":\"https:\/\/www.marksopen.com\/wp-content\/uploads\/2023\/01\/cropped-LOGO-GRANDE.jpg\",\"width\":961,\"height\":265,\"caption\":\"MARKOPEN\"},\"image\":{\"@id\":\"https:\/\/www.marksopen.com\/#\/schema\/logo\/image\/\"},\"sameAs\":[\"https:\/\/www.linkedin.com\/company\/marksopen\/\",\"https:\/\/www.facebook.com\/marksopen\/\"]}]}<\/script>\n<!-- \/ Yoast SEO plugin. -->","yoast_head_json":{"title":"QUI\u00c9NES SOMOS","description":"Ma\u00aeks Open es una firma especializada en el asesoramiento, tramitaci\u00f3n y defensa en materia de Propiedad Industrial. Tenemos m\u00e1s de 30 a\u00f1os de experiencia en este campo exclusivamente; esta es la raz\u00f3n principal por la que nuestro equipo, compuesto por abogados, ingenieros y traductores especialistas, est\u00e1 altamente calificado para asesorar en cualquier caso de Propiedad Industrial.","robots":{"index":"index","follow":"follow","max-snippet":"max-snippet:-1","max-image-preview":"max-image-preview:large","max-video-preview":"max-video-preview:-1"},"canonical":"https:\/\/www.marksopen.com\/?page_id=62","og_locale":"es_ES","og_type":"article","og_title":"QUI\u00c9NES SOMOS","og_description":"Ma\u00aeks Open es una firma especializada en el asesoramiento, tramitaci\u00f3n y defensa en materia de Propiedad Industrial. Tenemos m\u00e1s de 30 a\u00f1os de experiencia en este campo exclusivamente; esta es la raz\u00f3n principal por la que nuestro equipo, compuesto por abogados, ingenieros y traductores especialistas, est\u00e1 altamente calificado para asesorar en cualquier caso de Propiedad Industrial.","og_url":"https:\/\/www.marksopen.com\/?page_id=62","og_site_name":"365 \u20ac Marca Nacional - 1.199 \u20ac Marca de la Uni\u00f3n Europea","article_publisher":"https:\/\/www.facebook.com\/marksopen\/","article_modified_time":"2023-01-11T10:58:01+00:00","twitter_card":"summary_large_image","twitter_misc":{"Tiempo de lectura":"1 minuto"},"schema":{"@context":"https:\/\/schema.org","@graph":[{"@type":"WebPage","@id":"https:\/\/www.marksopen.com\/?page_id=62","url":"https:\/\/www.marksopen.com\/?page_id=62","name":"QUI\u00c9NES SOMOS","isPartOf":{"@id":"https:\/\/www.marksopen.com\/#website"},"datePublished":"2021-07-13T10:35:28+00:00","dateModified":"2023-01-11T10:58:01+00:00","description":"Ma\u00aeks Open es una firma especializada en el asesoramiento, tramitaci\u00f3n y defensa en materia de Propiedad Industrial. Tenemos m\u00e1s de 30 a\u00f1os de experiencia en este campo exclusivamente; esta es la raz\u00f3n principal por la que nuestro equipo, compuesto por abogados, ingenieros y traductores especialistas, est\u00e1 altamente calificado para asesorar en cualquier caso de Propiedad Industrial.","breadcrumb":{"@id":"https:\/\/www.marksopen.com\/?page_id=62#breadcrumb"},"inLanguage":"es","potentialAction":[{"@type":"ReadAction","target":["https:\/\/www.marksopen.com\/?page_id=62"]}]},{"@type":"BreadcrumbList","@id":"https:\/\/www.marksopen.com\/?page_id=62#breadcrumb","itemListElement":[{"@type":"ListItem","position":1,"name":"Portada","item":"https:\/\/www.marksopen.com\/"},{"@type":"ListItem","position":2,"name":"QUI\u00c9NES SOMOS"}]},{"@type":"WebSite","@id":"https:\/\/www.marksopen.com\/#website","url":"https:\/\/www.marksopen.com\/","name":"MARKOPEN","description":"Nos encargamos de proteger tu MARCA o PATENTE en cualquier pa\u00eds del mundo","publisher":{"@id":"https:\/\/www.marksopen.com\/#organization"},"alternateName":"MARCAS Y PATENTES","potentialAction":[{"@type":"SearchAction","target":{"@type":"EntryPoint","urlTemplate":"https:\/\/www.marksopen.com\/?s={search_term_string}"},"query-input":"required name=search_term_string"}],"inLanguage":"es"},{"@type":"Organization","@id":"https:\/\/www.marksopen.com\/#organization","name":"MARKOPEN","alternateName":"MARCAS Y PATENTES","url":"https:\/\/www.marksopen.com\/","logo":{"@type":"ImageObject","inLanguage":"es","@id":"https:\/\/www.marksopen.com\/#\/schema\/logo\/image\/","url":"https:\/\/www.marksopen.com\/wp-content\/uploads\/2023\/01\/cropped-LOGO-GRANDE.jpg","contentUrl":"https:\/\/www.marksopen.com\/wp-content\/uploads\/2023\/01\/cropped-LOGO-GRANDE.jpg","width":961,"height":265,"caption":"MARKOPEN"},"image":{"@id":"https:\/\/www.marksopen.com\/#\/schema\/logo\/image\/"},"sameAs":["https:\/\/www.linkedin.com\/company\/marksopen\/","https:\/\/www.facebook.com\/marksopen\/"]}]}},"_links":{"self":[{"href":"https:\/\/www.marksopen.com\/index.php?rest_route=\/wp\/v2\/pages\/62","targetHints":{"allow":["GET"]}}],"collection":[{"href":"https:\/\/www.marksopen.com\/index.php?rest_route=\/wp\/v2\/pages"}],"about":[{"href":"https:\/\/www.marksopen.com\/index.php?rest_route=\/wp\/v2\/types\/page"}],"author":[{"embeddable":true,"href":"https:\/\/www.marksopen.com\/index.php?rest_route=\/wp\/v2\/users\/1"}],"replies":[{"embeddable":true,"href":"https:\/\/www.marksopen.com\/index.php?rest_route=%2Fwp%2Fv2%2Fcomments&post=62"}],"version-history":[{"count":4,"href":"https:\/\/www.marksopen.com\/index.php?rest_route=\/wp\/v2\/pages\/62\/revisions"}],"predecessor-version":[{"id":194,"href":"https:\/\/www.marksopen.com\/index.php?rest_route=\/wp\/v2\/pages\/62\/revisions\/194"}],"wp:attachment":[{"href":"https:\/\/www.marksopen.com\/index.php?rest_route=%2Fwp%2Fv2%2Fmedia&parent=62"}],"curies":[{"name":"wp","href":"https:\/\/api.w.org\/{rel}","templated":true}]}}