{"id":59,"date":"2021-07-13T10:34:11","date_gmt":"2021-07-13T10:34:11","guid":{"rendered":"https:\/\/www.marksopen.com\/?page_id=59"},"modified":"2023-01-11T10:55:20","modified_gmt":"2023-01-11T10:55:20","slug":"renovacion-transferencias-vigilancia-y-oposiciones","status":"publish","type":"page","link":"https:\/\/www.marksopen.com\/?page_id=59","title":{"rendered":"QU\u00c9 HACEMOS"},"content":{"rendered":"\n<p class=\"has-text-color\" style=\"color:#00eaea\"><strong>RENOVACI\u00d3N DE MARCAS Y NOMBRES COMERCIALES<\/strong><\/p>\n\n\n\n<p>Ma@ks Open es una firma especializada en el asesoramiento, tramitaci\u00f3n y defensa en materia de Propiedad Industrial. Las Marcas de la Uni\u00f3n Europea y las Marcas Espa\u00f1olas tienen que renovarse cada 10 a\u00f1os. \u00bfSabes cu\u00e1ndo tienes que renovar tu Marca? Te ayudamos a conocer el plazo y solicitar la renovaci\u00f3n. No pierdas tu Marca, porque es un bien intangible muy dif\u00edcil de recuperar, <strong>\u00a1RENU\u00c9VALA!<\/strong><\/p>\n\n\n\n<p><\/p>\n\n\n\n<p class=\"has-text-color\" style=\"color:#00eaea\"><strong>TRANSFERENCIA DE MARCAS Y CAMBIO DE TITULAR<\/strong><\/p>\n\n\n\n<p>Los negocios est\u00e1n en continua evoluci\u00f3n. Es normal que durante la vigencia de una Marca, sea necesario modificar la titularidad o incluso cambiar el domicilio del actual titular. \u00bfNecesitas alg\u00fan tipo de modificaci\u00f3n en la <strong>TITULARIDAD<\/strong> de tu Marca? Es muy f\u00e1cil si cuentas con nosotros.<\/p>\n\n\n\n<p><\/p>\n\n\n\n<p class=\"has-text-color\" style=\"color:#00eaea\"><strong>OPOSICIONES Y VIGILANCIA<\/strong><\/p>\n\n\n\n<p>\u00bfSe ha presentado una marca igual o similar a la tuya? Es necesario presentar una oposici\u00f3n. Te asesoramos sobre cada paso para interponer una <strong>OPOSICI\u00d3N<\/strong> o incluso para contestarla. Recuerda que el servicio de <strong>VIGILANCIA<\/strong> te ayuda a mantener controlada tu Marca.<\/p>\n","protected":false},"excerpt":{"rendered":"<p>RENOVACI\u00d3N DE MARCAS Y NOMBRES COMERCIALES Ma@ks Open es una firma especializada en el asesoramiento, tramitaci\u00f3n y defensa en materia [&hellip;]<\/p>\n","protected":false},"author":1,"featured_media":0,"parent":142,"menu_order":0,"comment_status":"closed","ping_status":"closed","template":"","meta":{"om_disable_all_campaigns":false,"_monsterinsights_skip_tracking":false,"_monsterinsights_sitenote_active":false,"_monsterinsights_sitenote_note":"","_monsterinsights_sitenote_category":0,"footnotes":""},"class_list":["post-59","page","type-page","status-publish","hentry"],"aioseo_notices":[],"yoast_head":"<!-- This site is optimized with the Yoast SEO plugin v19.14 - https:\/\/yoast.com\/wordpress\/plugins\/seo\/ -->\n<title>QU\u00c9 HACEMOS 365 \u20ac Marca Nacional - 1.199 \u20ac Marca de la Uni\u00f3n Europea<\/title>\n<meta name=\"description\" content=\"Ma@ks Open es una firma especializada en el asesoramiento, tramitaci\u00f3n y defensa en materia de Propiedad Industrial. Los negocios est\u00e1n en continua evoluci\u00f3n. Es normal que durante la vigencia de una Marca, sea necesario modificar la titularidad o incluso cambiar el domicilio del actual titular, p\u00eddenos transferir tu marca \u00bfSe ha presentado una marca igual o similar a la suya? Te asesoramos sobre cada paso para interponer una OPOSICI\u00d3N o incluso para contestarla.\" \/>\n<meta name=\"robots\" content=\"index, follow, max-snippet:-1, max-image-preview:large, max-video-preview:-1\" \/>\n<link rel=\"canonical\" href=\"https:\/\/www.marksopen.com\/?page_id=59\" \/>\n<meta property=\"og:locale\" content=\"es_ES\" \/>\n<meta property=\"og:type\" content=\"article\" \/>\n<meta property=\"og:title\" content=\"QU\u00c9 HACEMOS 365 \u20ac Marca Nacional - 1.199 \u20ac Marca de la Uni\u00f3n Europea\" \/>\n<meta property=\"og:description\" content=\"Ma@ks Open es una firma especializada en el asesoramiento, tramitaci\u00f3n y defensa en materia de Propiedad Industrial. Los negocios est\u00e1n en continua evoluci\u00f3n. Es normal que durante la vigencia de una Marca, sea necesario modificar la titularidad o incluso cambiar el domicilio del actual titular, p\u00eddenos transferir tu marca \u00bfSe ha presentado una marca igual o similar a la suya? Te asesoramos sobre cada paso para interponer una OPOSICI\u00d3N o incluso para contestarla.\" \/>\n<meta property=\"og:url\" content=\"https:\/\/www.marksopen.com\/?page_id=59\" \/>\n<meta property=\"og:site_name\" content=\"365 \u20ac Marca Nacional - 1.199 \u20ac Marca de la Uni\u00f3n Europea\" \/>\n<meta property=\"article:publisher\" content=\"https:\/\/www.facebook.com\/marksopen\/\" \/>\n<meta property=\"article:modified_time\" content=\"2023-01-11T10:55:20+00:00\" \/>\n<meta name=\"twitter:card\" content=\"summary_large_image\" \/>\n<meta name=\"twitter:label1\" content=\"Tiempo de lectura\" \/>\n\t<meta name=\"twitter:data1\" content=\"1 minuto\" \/>\n<script type=\"application\/ld+json\" class=\"yoast-schema-graph\">{\"@context\":\"https:\/\/schema.org\",\"@graph\":[{\"@type\":\"WebPage\",\"@id\":\"https:\/\/www.marksopen.com\/?page_id=59\",\"url\":\"https:\/\/www.marksopen.com\/?page_id=59\",\"name\":\"QU\u00c9 HACEMOS 365 \u20ac Marca Nacional - 1.199 \u20ac Marca de la Uni\u00f3n Europea\",\"isPartOf\":{\"@id\":\"https:\/\/www.marksopen.com\/#website\"},\"datePublished\":\"2021-07-13T10:34:11+00:00\",\"dateModified\":\"2023-01-11T10:55:20+00:00\",\"description\":\"Ma@ks Open es una firma especializada en el asesoramiento, tramitaci\u00f3n y defensa en materia de Propiedad Industrial. Los negocios est\u00e1n en continua evoluci\u00f3n. Es normal que durante la vigencia de una Marca, sea necesario modificar la titularidad o incluso cambiar el domicilio del actual titular, p\u00eddenos transferir tu marca \u00bfSe ha presentado una marca igual o similar a la suya? Te asesoramos sobre cada paso para interponer una OPOSICI\u00d3N o incluso para contestarla.\",\"breadcrumb\":{\"@id\":\"https:\/\/www.marksopen.com\/?page_id=59#breadcrumb\"},\"inLanguage\":\"es\",\"potentialAction\":[{\"@type\":\"ReadAction\",\"target\":[\"https:\/\/www.marksopen.com\/?page_id=59\"]}]},{\"@type\":\"BreadcrumbList\",\"@id\":\"https:\/\/www.marksopen.com\/?page_id=59#breadcrumb\",\"itemListElement\":[{\"@type\":\"ListItem\",\"position\":1,\"name\":\"Portada\",\"item\":\"https:\/\/www.marksopen.com\/\"},{\"@type\":\"ListItem\",\"position\":2,\"name\":\"DISE\u00d1OS\",\"item\":\"https:\/\/www.marksopen.com\/?page_id=142\"},{\"@type\":\"ListItem\",\"position\":3,\"name\":\"QU\u00c9 HACEMOS\"}]},{\"@type\":\"WebSite\",\"@id\":\"https:\/\/www.marksopen.com\/#website\",\"url\":\"https:\/\/www.marksopen.com\/\",\"name\":\"MARKOPEN\",\"description\":\"Nos encargamos de proteger tu MARCA o PATENTE en cualquier pa\u00eds del mundo\",\"publisher\":{\"@id\":\"https:\/\/www.marksopen.com\/#organization\"},\"alternateName\":\"MARCAS Y PATENTES\",\"potentialAction\":[{\"@type\":\"SearchAction\",\"target\":{\"@type\":\"EntryPoint\",\"urlTemplate\":\"https:\/\/www.marksopen.com\/?s={search_term_string}\"},\"query-input\":\"required name=search_term_string\"}],\"inLanguage\":\"es\"},{\"@type\":\"Organization\",\"@id\":\"https:\/\/www.marksopen.com\/#organization\",\"name\":\"MARKOPEN\",\"alternateName\":\"MARCAS Y PATENTES\",\"url\":\"https:\/\/www.marksopen.com\/\",\"logo\":{\"@type\":\"ImageObject\",\"inLanguage\":\"es\",\"@id\":\"https:\/\/www.marksopen.com\/#\/schema\/logo\/image\/\",\"url\":\"https:\/\/www.marksopen.com\/wp-content\/uploads\/2023\/01\/cropped-LOGO-GRANDE.jpg\",\"contentUrl\":\"https:\/\/www.marksopen.com\/wp-content\/uploads\/2023\/01\/cropped-LOGO-GRANDE.jpg\",\"width\":961,\"height\":265,\"caption\":\"MARKOPEN\"},\"image\":{\"@id\":\"https:\/\/www.marksopen.com\/#\/schema\/logo\/image\/\"},\"sameAs\":[\"https:\/\/www.linkedin.com\/company\/marksopen\/\",\"https:\/\/www.facebook.com\/marksopen\/\"]}]}<\/script>\n<!-- \/ Yoast SEO plugin. -->","yoast_head_json":{"title":"QU\u00c9 HACEMOS 365 \u20ac Marca Nacional - 1.199 \u20ac Marca de la Uni\u00f3n Europea","description":"Ma@ks Open es una firma especializada en el asesoramiento, tramitaci\u00f3n y defensa en materia de Propiedad Industrial. Los negocios est\u00e1n en continua evoluci\u00f3n. Es normal que durante la vigencia de una Marca, sea necesario modificar la titularidad o incluso cambiar el domicilio del actual titular, p\u00eddenos transferir tu marca \u00bfSe ha presentado una marca igual o similar a la suya? Te asesoramos sobre cada paso para interponer una OPOSICI\u00d3N o incluso para contestarla.","robots":{"index":"index","follow":"follow","max-snippet":"max-snippet:-1","max-image-preview":"max-image-preview:large","max-video-preview":"max-video-preview:-1"},"canonical":"https:\/\/www.marksopen.com\/?page_id=59","og_locale":"es_ES","og_type":"article","og_title":"QU\u00c9 HACEMOS 365 \u20ac Marca Nacional - 1.199 \u20ac Marca de la Uni\u00f3n Europea","og_description":"Ma@ks Open es una firma especializada en el asesoramiento, tramitaci\u00f3n y defensa en materia de Propiedad Industrial. Los negocios est\u00e1n en continua evoluci\u00f3n. Es normal que durante la vigencia de una Marca, sea necesario modificar la titularidad o incluso cambiar el domicilio del actual titular, p\u00eddenos transferir tu marca \u00bfSe ha presentado una marca igual o similar a la suya? Te asesoramos sobre cada paso para interponer una OPOSICI\u00d3N o incluso para contestarla.","og_url":"https:\/\/www.marksopen.com\/?page_id=59","og_site_name":"365 \u20ac Marca Nacional - 1.199 \u20ac Marca de la Uni\u00f3n Europea","article_publisher":"https:\/\/www.facebook.com\/marksopen\/","article_modified_time":"2023-01-11T10:55:20+00:00","twitter_card":"summary_large_image","twitter_misc":{"Tiempo de lectura":"1 minuto"},"schema":{"@context":"https:\/\/schema.org","@graph":[{"@type":"WebPage","@id":"https:\/\/www.marksopen.com\/?page_id=59","url":"https:\/\/www.marksopen.com\/?page_id=59","name":"QU\u00c9 HACEMOS 365 \u20ac Marca Nacional - 1.199 \u20ac Marca de la Uni\u00f3n Europea","isPartOf":{"@id":"https:\/\/www.marksopen.com\/#website"},"datePublished":"2021-07-13T10:34:11+00:00","dateModified":"2023-01-11T10:55:20+00:00","description":"Ma@ks Open es una firma especializada en el asesoramiento, tramitaci\u00f3n y defensa en materia de Propiedad Industrial. Los negocios est\u00e1n en continua evoluci\u00f3n. Es normal que durante la vigencia de una Marca, sea necesario modificar la titularidad o incluso cambiar el domicilio del actual titular, p\u00eddenos transferir tu marca \u00bfSe ha presentado una marca igual o similar a la suya? Te asesoramos sobre cada paso para interponer una OPOSICI\u00d3N o incluso para contestarla.","breadcrumb":{"@id":"https:\/\/www.marksopen.com\/?page_id=59#breadcrumb"},"inLanguage":"es","potentialAction":[{"@type":"ReadAction","target":["https:\/\/www.marksopen.com\/?page_id=59"]}]},{"@type":"BreadcrumbList","@id":"https:\/\/www.marksopen.com\/?page_id=59#breadcrumb","itemListElement":[{"@type":"ListItem","position":1,"name":"Portada","item":"https:\/\/www.marksopen.com\/"},{"@type":"ListItem","position":2,"name":"DISE\u00d1OS","item":"https:\/\/www.marksopen.com\/?page_id=142"},{"@type":"ListItem","position":3,"name":"QU\u00c9 HACEMOS"}]},{"@type":"WebSite","@id":"https:\/\/www.marksopen.com\/#website","url":"https:\/\/www.marksopen.com\/","name":"MARKOPEN","description":"Nos encargamos de proteger tu MARCA o PATENTE en cualquier pa\u00eds del mundo","publisher":{"@id":"https:\/\/www.marksopen.com\/#organization"},"alternateName":"MARCAS Y PATENTES","potentialAction":[{"@type":"SearchAction","target":{"@type":"EntryPoint","urlTemplate":"https:\/\/www.marksopen.com\/?s={search_term_string}"},"query-input":"required name=search_term_string"}],"inLanguage":"es"},{"@type":"Organization","@id":"https:\/\/www.marksopen.com\/#organization","name":"MARKOPEN","alternateName":"MARCAS Y PATENTES","url":"https:\/\/www.marksopen.com\/","logo":{"@type":"ImageObject","inLanguage":"es","@id":"https:\/\/www.marksopen.com\/#\/schema\/logo\/image\/","url":"https:\/\/www.marksopen.com\/wp-content\/uploads\/2023\/01\/cropped-LOGO-GRANDE.jpg","contentUrl":"https:\/\/www.marksopen.com\/wp-content\/uploads\/2023\/01\/cropped-LOGO-GRANDE.jpg","width":961,"height":265,"caption":"MARKOPEN"},"image":{"@id":"https:\/\/www.marksopen.com\/#\/schema\/logo\/image\/"},"sameAs":["https:\/\/www.linkedin.com\/company\/marksopen\/","https:\/\/www.facebook.com\/marksopen\/"]}]}},"_links":{"self":[{"href":"https:\/\/www.marksopen.com\/index.php?rest_route=\/wp\/v2\/pages\/59","targetHints":{"allow":["GET"]}}],"collection":[{"href":"https:\/\/www.marksopen.com\/index.php?rest_route=\/wp\/v2\/pages"}],"about":[{"href":"https:\/\/www.marksopen.com\/index.php?rest_route=\/wp\/v2\/types\/page"}],"author":[{"embeddable":true,"href":"https:\/\/www.marksopen.com\/index.php?rest_route=\/wp\/v2\/users\/1"}],"replies":[{"embeddable":true,"href":"https:\/\/www.marksopen.com\/index.php?rest_route=%2Fwp%2Fv2%2Fcomments&post=59"}],"version-history":[{"count":6,"href":"https:\/\/www.marksopen.com\/index.php?rest_route=\/wp\/v2\/pages\/59\/revisions"}],"predecessor-version":[{"id":225,"href":"https:\/\/www.marksopen.com\/index.php?rest_route=\/wp\/v2\/pages\/59\/revisions\/225"}],"up":[{"embeddable":true,"href":"https:\/\/www.marksopen.com\/index.php?rest_route=\/wp\/v2\/pages\/142"}],"wp:attachment":[{"href":"https:\/\/www.marksopen.com\/index.php?rest_route=%2Fwp%2Fv2%2Fmedia&parent=59"}],"curies":[{"name":"wp","href":"https:\/\/api.w.org\/{rel}","templated":true}]}}