{"id":142,"date":"2023-01-04T17:04:35","date_gmt":"2023-01-04T17:04:35","guid":{"rendered":"https:\/\/www.marksopen.com\/?page_id=142"},"modified":"2024-01-17T08:08:36","modified_gmt":"2024-01-17T08:08:36","slug":"disenos-industriales","status":"publish","type":"page","link":"https:\/\/www.marksopen.com\/?page_id=142","title":{"rendered":"DISE\u00d1OS"},"content":{"rendered":"\n<p>Jur\u00eddicamente hablando, un Dise\u00f1o Industrial es el aspecto ornamental o est\u00e9tico de un art\u00edculo. Puede consistir en rasgos tridimensionales, como la forma de un art\u00edculo, o rasgos bidimensionales como motivos, l\u00edneas y colores. \u00bfPreparado para proteger la&nbsp;<strong>IMAGEN<\/strong>&nbsp;de tu producto?<\/p>\n\n\n\n<p class=\"has-text-color\" style=\"color:#00eaea\"><strong>DISE\u00d1O INDUSTRIAL NACIONAL<\/strong><\/p>\n\n\n\n<p><strong>Solicitud de Dise\u00f1o Industrial Nacional de 1 a 10 dise\u00f1os: 417 \u20ac<\/strong><\/p>\n\n\n\n<p><strong>Retirada de t\u00edtulo de concesi\u00f3n: 100 \u20ac<\/strong><\/p>\n\n\n\n<p>El precio incluye: tasas oficiales y honorarios.<\/p>\n\n\n\n<p><\/p>\n\n\n\n<p class=\"has-text-color\" style=\"color:#00eaea\"><strong>DIBUJO O MODELO DE LA UNI\u00d3N EUROPEA<\/strong><\/p>\n\n\n\n<p><strong>Solicitud de 1\u00ba dise\u00f1o, comprendiendo publicaci\u00f3n: 670 \u20ac<\/strong><\/p>\n\n\n\n<p><strong>Solicitud de 2\u00ba al 10\u00ba dise\u00f1o, comprendiendo publicaci\u00f3n: 300 \u20ac<\/strong><\/p>\n\n\n\n<p>El precio incluye: tasas oficiales y honorarios<\/p>\n\n\n\n<p><\/p>\n\n\n\n<ul class=\"wp-block-list\">\n<li>No incluye IVA.<\/li>\n\n\n\n<li>30 \u20ac gastos bancarios para transferencias fuera de Espa\u00f1a.<\/li>\n<\/ul>\n","protected":false},"excerpt":{"rendered":"<p>Jur\u00eddicamente hablando, un Dise\u00f1o Industrial es el aspecto ornamental o est\u00e9tico de un art\u00edculo. Puede consistir en rasgos tridimensionales, como [&hellip;]<\/p>\n","protected":false},"author":1,"featured_media":0,"parent":0,"menu_order":0,"comment_status":"closed","ping_status":"closed","template":"","meta":{"om_disable_all_campaigns":false,"_monsterinsights_skip_tracking":false,"_monsterinsights_sitenote_active":false,"_monsterinsights_sitenote_note":"","_monsterinsights_sitenote_category":0,"footnotes":""},"class_list":["post-142","page","type-page","status-publish","hentry"],"aioseo_notices":[],"yoast_head":"<!-- This site is optimized with the Yoast SEO plugin v19.14 - https:\/\/yoast.com\/wordpress\/plugins\/seo\/ -->\n<title>DISE\u00d1OS<\/title>\n<meta name=\"description\" content=\"Dise\u00f1o Industrial es el aspecto ornamental o est\u00e9tico de un art\u00edculo. Puede consistir en rasgos tridimensionales, como la forma de un art\u00edculo, o rasgos bidimensionales como motivos, l\u00edneas y colores. \u00bfPreparado para proteger la IMAGEN de tu producto?\" \/>\n<meta name=\"robots\" content=\"index, follow, max-snippet:-1, max-image-preview:large, max-video-preview:-1\" \/>\n<link rel=\"canonical\" href=\"https:\/\/www.marksopen.com\/?page_id=142\" \/>\n<meta property=\"og:locale\" content=\"es_ES\" \/>\n<meta property=\"og:type\" content=\"article\" \/>\n<meta property=\"og:title\" content=\"DISE\u00d1OS\" \/>\n<meta property=\"og:description\" content=\"Dise\u00f1o Industrial es el aspecto ornamental o est\u00e9tico de un art\u00edculo. Puede consistir en rasgos tridimensionales, como la forma de un art\u00edculo, o rasgos bidimensionales como motivos, l\u00edneas y colores. \u00bfPreparado para proteger la IMAGEN de tu producto?\" \/>\n<meta property=\"og:url\" content=\"https:\/\/www.marksopen.com\/?page_id=142\" \/>\n<meta property=\"og:site_name\" content=\"365 \u20ac Marca Nacional - 1.199 \u20ac Marca de la Uni\u00f3n Europea\" \/>\n<meta property=\"article:publisher\" content=\"https:\/\/www.facebook.com\/marksopen\/\" \/>\n<meta property=\"article:modified_time\" content=\"2024-01-17T08:08:36+00:00\" \/>\n<meta name=\"twitter:card\" content=\"summary_large_image\" \/>\n<meta name=\"twitter:label1\" content=\"Tiempo de lectura\" \/>\n\t<meta name=\"twitter:data1\" content=\"1 minuto\" \/>\n<script type=\"application\/ld+json\" class=\"yoast-schema-graph\">{\"@context\":\"https:\/\/schema.org\",\"@graph\":[{\"@type\":\"WebPage\",\"@id\":\"https:\/\/www.marksopen.com\/?page_id=142\",\"url\":\"https:\/\/www.marksopen.com\/?page_id=142\",\"name\":\"DISE\u00d1OS\",\"isPartOf\":{\"@id\":\"https:\/\/www.marksopen.com\/#website\"},\"datePublished\":\"2023-01-04T17:04:35+00:00\",\"dateModified\":\"2024-01-17T08:08:36+00:00\",\"description\":\"Dise\u00f1o Industrial es el aspecto ornamental o est\u00e9tico de un art\u00edculo. Puede consistir en rasgos tridimensionales, como la forma de un art\u00edculo, o rasgos bidimensionales como motivos, l\u00edneas y colores. \u00bfPreparado para proteger la IMAGEN de tu producto?\",\"breadcrumb\":{\"@id\":\"https:\/\/www.marksopen.com\/?page_id=142#breadcrumb\"},\"inLanguage\":\"es\",\"potentialAction\":[{\"@type\":\"ReadAction\",\"target\":[\"https:\/\/www.marksopen.com\/?page_id=142\"]}]},{\"@type\":\"BreadcrumbList\",\"@id\":\"https:\/\/www.marksopen.com\/?page_id=142#breadcrumb\",\"itemListElement\":[{\"@type\":\"ListItem\",\"position\":1,\"name\":\"Portada\",\"item\":\"https:\/\/www.marksopen.com\/\"},{\"@type\":\"ListItem\",\"position\":2,\"name\":\"DISE\u00d1OS\"}]},{\"@type\":\"WebSite\",\"@id\":\"https:\/\/www.marksopen.com\/#website\",\"url\":\"https:\/\/www.marksopen.com\/\",\"name\":\"MARKOPEN\",\"description\":\"Nos encargamos de proteger tu MARCA o PATENTE en cualquier pa\u00eds del mundo\",\"publisher\":{\"@id\":\"https:\/\/www.marksopen.com\/#organization\"},\"alternateName\":\"MARCAS Y PATENTES\",\"potentialAction\":[{\"@type\":\"SearchAction\",\"target\":{\"@type\":\"EntryPoint\",\"urlTemplate\":\"https:\/\/www.marksopen.com\/?s={search_term_string}\"},\"query-input\":\"required name=search_term_string\"}],\"inLanguage\":\"es\"},{\"@type\":\"Organization\",\"@id\":\"https:\/\/www.marksopen.com\/#organization\",\"name\":\"MARKOPEN\",\"alternateName\":\"MARCAS Y PATENTES\",\"url\":\"https:\/\/www.marksopen.com\/\",\"logo\":{\"@type\":\"ImageObject\",\"inLanguage\":\"es\",\"@id\":\"https:\/\/www.marksopen.com\/#\/schema\/logo\/image\/\",\"url\":\"https:\/\/www.marksopen.com\/wp-content\/uploads\/2023\/01\/cropped-LOGO-GRANDE.jpg\",\"contentUrl\":\"https:\/\/www.marksopen.com\/wp-content\/uploads\/2023\/01\/cropped-LOGO-GRANDE.jpg\",\"width\":961,\"height\":265,\"caption\":\"MARKOPEN\"},\"image\":{\"@id\":\"https:\/\/www.marksopen.com\/#\/schema\/logo\/image\/\"},\"sameAs\":[\"https:\/\/www.linkedin.com\/company\/marksopen\/\",\"https:\/\/www.facebook.com\/marksopen\/\"]}]}<\/script>\n<!-- \/ Yoast SEO plugin. -->","yoast_head_json":{"title":"DISE\u00d1OS","description":"Dise\u00f1o Industrial es el aspecto ornamental o est\u00e9tico de un art\u00edculo. Puede consistir en rasgos tridimensionales, como la forma de un art\u00edculo, o rasgos bidimensionales como motivos, l\u00edneas y colores. \u00bfPreparado para proteger la IMAGEN de tu producto?","robots":{"index":"index","follow":"follow","max-snippet":"max-snippet:-1","max-image-preview":"max-image-preview:large","max-video-preview":"max-video-preview:-1"},"canonical":"https:\/\/www.marksopen.com\/?page_id=142","og_locale":"es_ES","og_type":"article","og_title":"DISE\u00d1OS","og_description":"Dise\u00f1o Industrial es el aspecto ornamental o est\u00e9tico de un art\u00edculo. Puede consistir en rasgos tridimensionales, como la forma de un art\u00edculo, o rasgos bidimensionales como motivos, l\u00edneas y colores. \u00bfPreparado para proteger la IMAGEN de tu producto?","og_url":"https:\/\/www.marksopen.com\/?page_id=142","og_site_name":"365 \u20ac Marca Nacional - 1.199 \u20ac Marca de la Uni\u00f3n Europea","article_publisher":"https:\/\/www.facebook.com\/marksopen\/","article_modified_time":"2024-01-17T08:08:36+00:00","twitter_card":"summary_large_image","twitter_misc":{"Tiempo de lectura":"1 minuto"},"schema":{"@context":"https:\/\/schema.org","@graph":[{"@type":"WebPage","@id":"https:\/\/www.marksopen.com\/?page_id=142","url":"https:\/\/www.marksopen.com\/?page_id=142","name":"DISE\u00d1OS","isPartOf":{"@id":"https:\/\/www.marksopen.com\/#website"},"datePublished":"2023-01-04T17:04:35+00:00","dateModified":"2024-01-17T08:08:36+00:00","description":"Dise\u00f1o Industrial es el aspecto ornamental o est\u00e9tico de un art\u00edculo. Puede consistir en rasgos tridimensionales, como la forma de un art\u00edculo, o rasgos bidimensionales como motivos, l\u00edneas y colores. \u00bfPreparado para proteger la IMAGEN de tu producto?","breadcrumb":{"@id":"https:\/\/www.marksopen.com\/?page_id=142#breadcrumb"},"inLanguage":"es","potentialAction":[{"@type":"ReadAction","target":["https:\/\/www.marksopen.com\/?page_id=142"]}]},{"@type":"BreadcrumbList","@id":"https:\/\/www.marksopen.com\/?page_id=142#breadcrumb","itemListElement":[{"@type":"ListItem","position":1,"name":"Portada","item":"https:\/\/www.marksopen.com\/"},{"@type":"ListItem","position":2,"name":"DISE\u00d1OS"}]},{"@type":"WebSite","@id":"https:\/\/www.marksopen.com\/#website","url":"https:\/\/www.marksopen.com\/","name":"MARKOPEN","description":"Nos encargamos de proteger tu MARCA o PATENTE en cualquier pa\u00eds del mundo","publisher":{"@id":"https:\/\/www.marksopen.com\/#organization"},"alternateName":"MARCAS Y PATENTES","potentialAction":[{"@type":"SearchAction","target":{"@type":"EntryPoint","urlTemplate":"https:\/\/www.marksopen.com\/?s={search_term_string}"},"query-input":"required name=search_term_string"}],"inLanguage":"es"},{"@type":"Organization","@id":"https:\/\/www.marksopen.com\/#organization","name":"MARKOPEN","alternateName":"MARCAS Y PATENTES","url":"https:\/\/www.marksopen.com\/","logo":{"@type":"ImageObject","inLanguage":"es","@id":"https:\/\/www.marksopen.com\/#\/schema\/logo\/image\/","url":"https:\/\/www.marksopen.com\/wp-content\/uploads\/2023\/01\/cropped-LOGO-GRANDE.jpg","contentUrl":"https:\/\/www.marksopen.com\/wp-content\/uploads\/2023\/01\/cropped-LOGO-GRANDE.jpg","width":961,"height":265,"caption":"MARKOPEN"},"image":{"@id":"https:\/\/www.marksopen.com\/#\/schema\/logo\/image\/"},"sameAs":["https:\/\/www.linkedin.com\/company\/marksopen\/","https:\/\/www.facebook.com\/marksopen\/"]}]}},"_links":{"self":[{"href":"https:\/\/www.marksopen.com\/index.php?rest_route=\/wp\/v2\/pages\/142","targetHints":{"allow":["GET"]}}],"collection":[{"href":"https:\/\/www.marksopen.com\/index.php?rest_route=\/wp\/v2\/pages"}],"about":[{"href":"https:\/\/www.marksopen.com\/index.php?rest_route=\/wp\/v2\/types\/page"}],"author":[{"embeddable":true,"href":"https:\/\/www.marksopen.com\/index.php?rest_route=\/wp\/v2\/users\/1"}],"replies":[{"embeddable":true,"href":"https:\/\/www.marksopen.com\/index.php?rest_route=%2Fwp%2Fv2%2Fcomments&post=142"}],"version-history":[{"count":11,"href":"https:\/\/www.marksopen.com\/index.php?rest_route=\/wp\/v2\/pages\/142\/revisions"}],"predecessor-version":[{"id":241,"href":"https:\/\/www.marksopen.com\/index.php?rest_route=\/wp\/v2\/pages\/142\/revisions\/241"}],"wp:attachment":[{"href":"https:\/\/www.marksopen.com\/index.php?rest_route=%2Fwp%2Fv2%2Fmedia&parent=142"}],"curies":[{"name":"wp","href":"https:\/\/api.w.org\/{rel}","templated":true}]}}