{"id":139,"date":"2023-01-04T17:03:26","date_gmt":"2023-01-04T17:03:26","guid":{"rendered":"https:\/\/www.marksopen.com\/?page_id=139"},"modified":"2024-01-17T08:06:20","modified_gmt":"2024-01-17T08:06:20","slug":"modelo-de-utilidad-y-patente","status":"publish","type":"page","link":"https:\/\/www.marksopen.com\/?page_id=139","title":{"rendered":"PATENTES"},"content":{"rendered":"\n<p class=\"has-text-color\" style=\"color:#00eaea\"><strong>MODELO DE UTILIDAD ESPA\u00d1OL<\/strong><\/p>\n\n\n\n<p>\u00bfTienes una invenci\u00f3n que consiste en una nueva forma o configuraci\u00f3n que permita un&nbsp;<strong>FUNCIONAMIENTO<\/strong>&nbsp;mejor de un objeto? No dejes que copien tu invenci\u00f3n y protege cuanto antes las mejoras conseguidas. Durante 10 a\u00f1os podr\u00e1s explotar ese invento de forma exclusiva.<\/p>\n\n\n\n<p><strong>Solicitud (no incluye memoria): 490 \u20ac<\/strong><\/p>\n\n\n\n<p><strong>Derechos de concesi\u00f3n (sin anualidad): 150 \u20ac<\/strong><\/p>\n\n\n\n<p>El precio incluye: tasas oficiales y honorarios.<\/p>\n\n\n\n<p class=\"has-text-color\" style=\"color:#00eaea\"><\/p>\n\n\n\n<p class=\"has-text-color\" style=\"color:#00eaea\"><strong>PATENTE NACIONAL<\/strong><\/p>\n\n\n\n<p>El derecho exclusivo de una invenci\u00f3n se obtiene a trav\u00e9s del registro de una&nbsp;PATENTE. De esta forma impedir\u00e1 a terceros no autorizados a realizar actos de fabricaci\u00f3n, uso y comercializaci\u00f3n del producto objeto de la patente \u00bfHas inventado algo <strong>\u00daNICO<\/strong> y <strong>NOVEDOSO<\/strong>?<\/p>\n\n\n\n<p><strong>Solicitud de Patente Nacional (no incluye memoria): 490 \u20ac<\/strong><\/p>\n\n\n\n<p><strong>Solicitud de I.E.T.: 740 \u20ac<\/strong><\/p>\n\n\n\n<p><strong>Solicitud de examen sustantivo: 545 \u20ac<\/strong><\/p>\n\n\n\n<p><strong>Derechos de concesi\u00f3n (sin anualidad): 150 \u20ac<\/strong><\/p>\n\n\n\n<p>El precio incluye: tasas oficiales y honorarios.<\/p>\n\n\n\n<p><\/p>\n\n\n\n<ul class=\"wp-block-list\">\n<li style=\"color:#00eaea\">VALIDACI\u00d3N EN ESPA\u00d1A PATENTE EUROPEA <\/li>\n\n\n\n<li style=\"color:#00eaea\">PATENTE EUROPEA <\/li>\n\n\n\n<li style=\"color:#00eaea\">EUROPCT<\/li>\n\n\n\n<li style=\"color:#00eaea\">ANUALIDADES <\/li>\n<\/ul>\n\n\n\n<p>Cons\u00faltanos: <a href=\"info@marksopen.com\">info@marksopen.com<\/a><\/p>\n\n\n\n<ul class=\"wp-block-list\">\n<li>No incluye IVA.<\/li>\n\n\n\n<li>30 \u20ac gastos bancarios para transferencias fuera de Espa\u00f1a.<\/li>\n<\/ul>\n\n\n\n<p><\/p>\n","protected":false},"excerpt":{"rendered":"<p>MODELO DE UTILIDAD ESPA\u00d1OL \u00bfTienes una invenci\u00f3n que consiste en una nueva forma o configuraci\u00f3n que permita un&nbsp;FUNCIONAMIENTO&nbsp;mejor de un [&hellip;]<\/p>\n","protected":false},"author":1,"featured_media":0,"parent":0,"menu_order":0,"comment_status":"closed","ping_status":"closed","template":"","meta":{"om_disable_all_campaigns":false,"_monsterinsights_skip_tracking":false,"_monsterinsights_sitenote_active":false,"_monsterinsights_sitenote_note":"","_monsterinsights_sitenote_category":0,"footnotes":""},"class_list":["post-139","page","type-page","status-publish","hentry"],"aioseo_notices":[],"yoast_head":"<!-- This site is optimized with the Yoast SEO plugin v19.14 - https:\/\/yoast.com\/wordpress\/plugins\/seo\/ -->\n<title>PATENTES<\/title>\n<meta name=\"description\" content=\"\u00bfHas inventado algo \u00daNICO y NOVEDOSO? \u00bfTienes una invenci\u00f3n que permita un mejor FUNCIONAMIENTO de un objeto? Protegemos tu invento en cualquier pa\u00eds del mundo.\" \/>\n<meta name=\"robots\" content=\"index, follow, max-snippet:-1, max-image-preview:large, max-video-preview:-1\" \/>\n<link rel=\"canonical\" href=\"https:\/\/www.marksopen.com\/?page_id=139\" \/>\n<meta property=\"og:locale\" content=\"es_ES\" \/>\n<meta property=\"og:type\" content=\"article\" \/>\n<meta property=\"og:title\" content=\"PATENTES\" \/>\n<meta property=\"og:description\" content=\"\u00bfHas inventado algo \u00daNICO y NOVEDOSO? \u00bfTienes una invenci\u00f3n que permita un mejor FUNCIONAMIENTO de un objeto? Protegemos tu invento en cualquier pa\u00eds del mundo.\" \/>\n<meta property=\"og:url\" content=\"https:\/\/www.marksopen.com\/?page_id=139\" \/>\n<meta property=\"og:site_name\" content=\"365 \u20ac Marca Nacional - 1.199 \u20ac Marca de la Uni\u00f3n Europea\" \/>\n<meta property=\"article:publisher\" content=\"https:\/\/www.facebook.com\/marksopen\/\" \/>\n<meta property=\"article:modified_time\" content=\"2024-01-17T08:06:20+00:00\" \/>\n<meta name=\"twitter:card\" content=\"summary_large_image\" \/>\n<meta name=\"twitter:label1\" content=\"Tiempo de lectura\" \/>\n\t<meta name=\"twitter:data1\" content=\"1 minuto\" \/>\n<script type=\"application\/ld+json\" class=\"yoast-schema-graph\">{\"@context\":\"https:\/\/schema.org\",\"@graph\":[{\"@type\":\"WebPage\",\"@id\":\"https:\/\/www.marksopen.com\/?page_id=139\",\"url\":\"https:\/\/www.marksopen.com\/?page_id=139\",\"name\":\"PATENTES\",\"isPartOf\":{\"@id\":\"https:\/\/www.marksopen.com\/#website\"},\"datePublished\":\"2023-01-04T17:03:26+00:00\",\"dateModified\":\"2024-01-17T08:06:20+00:00\",\"description\":\"\u00bfHas inventado algo \u00daNICO y NOVEDOSO? \u00bfTienes una invenci\u00f3n que permita un mejor FUNCIONAMIENTO de un objeto? Protegemos tu invento en cualquier pa\u00eds del mundo.\",\"breadcrumb\":{\"@id\":\"https:\/\/www.marksopen.com\/?page_id=139#breadcrumb\"},\"inLanguage\":\"es\",\"potentialAction\":[{\"@type\":\"ReadAction\",\"target\":[\"https:\/\/www.marksopen.com\/?page_id=139\"]}]},{\"@type\":\"BreadcrumbList\",\"@id\":\"https:\/\/www.marksopen.com\/?page_id=139#breadcrumb\",\"itemListElement\":[{\"@type\":\"ListItem\",\"position\":1,\"name\":\"Portada\",\"item\":\"https:\/\/www.marksopen.com\/\"},{\"@type\":\"ListItem\",\"position\":2,\"name\":\"PATENTES\"}]},{\"@type\":\"WebSite\",\"@id\":\"https:\/\/www.marksopen.com\/#website\",\"url\":\"https:\/\/www.marksopen.com\/\",\"name\":\"MARKOPEN\",\"description\":\"Nos encargamos de proteger tu MARCA o PATENTE en cualquier pa\u00eds del mundo\",\"publisher\":{\"@id\":\"https:\/\/www.marksopen.com\/#organization\"},\"alternateName\":\"MARCAS Y PATENTES\",\"potentialAction\":[{\"@type\":\"SearchAction\",\"target\":{\"@type\":\"EntryPoint\",\"urlTemplate\":\"https:\/\/www.marksopen.com\/?s={search_term_string}\"},\"query-input\":\"required name=search_term_string\"}],\"inLanguage\":\"es\"},{\"@type\":\"Organization\",\"@id\":\"https:\/\/www.marksopen.com\/#organization\",\"name\":\"MARKOPEN\",\"alternateName\":\"MARCAS Y PATENTES\",\"url\":\"https:\/\/www.marksopen.com\/\",\"logo\":{\"@type\":\"ImageObject\",\"inLanguage\":\"es\",\"@id\":\"https:\/\/www.marksopen.com\/#\/schema\/logo\/image\/\",\"url\":\"https:\/\/www.marksopen.com\/wp-content\/uploads\/2023\/01\/cropped-LOGO-GRANDE.jpg\",\"contentUrl\":\"https:\/\/www.marksopen.com\/wp-content\/uploads\/2023\/01\/cropped-LOGO-GRANDE.jpg\",\"width\":961,\"height\":265,\"caption\":\"MARKOPEN\"},\"image\":{\"@id\":\"https:\/\/www.marksopen.com\/#\/schema\/logo\/image\/\"},\"sameAs\":[\"https:\/\/www.linkedin.com\/company\/marksopen\/\",\"https:\/\/www.facebook.com\/marksopen\/\"]}]}<\/script>\n<!-- \/ Yoast SEO plugin. -->","yoast_head_json":{"title":"PATENTES","description":"\u00bfHas inventado algo \u00daNICO y NOVEDOSO? \u00bfTienes una invenci\u00f3n que permita un mejor FUNCIONAMIENTO de un objeto? Protegemos tu invento en cualquier pa\u00eds del mundo.","robots":{"index":"index","follow":"follow","max-snippet":"max-snippet:-1","max-image-preview":"max-image-preview:large","max-video-preview":"max-video-preview:-1"},"canonical":"https:\/\/www.marksopen.com\/?page_id=139","og_locale":"es_ES","og_type":"article","og_title":"PATENTES","og_description":"\u00bfHas inventado algo \u00daNICO y NOVEDOSO? \u00bfTienes una invenci\u00f3n que permita un mejor FUNCIONAMIENTO de un objeto? Protegemos tu invento en cualquier pa\u00eds del mundo.","og_url":"https:\/\/www.marksopen.com\/?page_id=139","og_site_name":"365 \u20ac Marca Nacional - 1.199 \u20ac Marca de la Uni\u00f3n Europea","article_publisher":"https:\/\/www.facebook.com\/marksopen\/","article_modified_time":"2024-01-17T08:06:20+00:00","twitter_card":"summary_large_image","twitter_misc":{"Tiempo de lectura":"1 minuto"},"schema":{"@context":"https:\/\/schema.org","@graph":[{"@type":"WebPage","@id":"https:\/\/www.marksopen.com\/?page_id=139","url":"https:\/\/www.marksopen.com\/?page_id=139","name":"PATENTES","isPartOf":{"@id":"https:\/\/www.marksopen.com\/#website"},"datePublished":"2023-01-04T17:03:26+00:00","dateModified":"2024-01-17T08:06:20+00:00","description":"\u00bfHas inventado algo \u00daNICO y NOVEDOSO? \u00bfTienes una invenci\u00f3n que permita un mejor FUNCIONAMIENTO de un objeto? Protegemos tu invento en cualquier pa\u00eds del mundo.","breadcrumb":{"@id":"https:\/\/www.marksopen.com\/?page_id=139#breadcrumb"},"inLanguage":"es","potentialAction":[{"@type":"ReadAction","target":["https:\/\/www.marksopen.com\/?page_id=139"]}]},{"@type":"BreadcrumbList","@id":"https:\/\/www.marksopen.com\/?page_id=139#breadcrumb","itemListElement":[{"@type":"ListItem","position":1,"name":"Portada","item":"https:\/\/www.marksopen.com\/"},{"@type":"ListItem","position":2,"name":"PATENTES"}]},{"@type":"WebSite","@id":"https:\/\/www.marksopen.com\/#website","url":"https:\/\/www.marksopen.com\/","name":"MARKOPEN","description":"Nos encargamos de proteger tu MARCA o PATENTE en cualquier pa\u00eds del mundo","publisher":{"@id":"https:\/\/www.marksopen.com\/#organization"},"alternateName":"MARCAS Y PATENTES","potentialAction":[{"@type":"SearchAction","target":{"@type":"EntryPoint","urlTemplate":"https:\/\/www.marksopen.com\/?s={search_term_string}"},"query-input":"required name=search_term_string"}],"inLanguage":"es"},{"@type":"Organization","@id":"https:\/\/www.marksopen.com\/#organization","name":"MARKOPEN","alternateName":"MARCAS Y PATENTES","url":"https:\/\/www.marksopen.com\/","logo":{"@type":"ImageObject","inLanguage":"es","@id":"https:\/\/www.marksopen.com\/#\/schema\/logo\/image\/","url":"https:\/\/www.marksopen.com\/wp-content\/uploads\/2023\/01\/cropped-LOGO-GRANDE.jpg","contentUrl":"https:\/\/www.marksopen.com\/wp-content\/uploads\/2023\/01\/cropped-LOGO-GRANDE.jpg","width":961,"height":265,"caption":"MARKOPEN"},"image":{"@id":"https:\/\/www.marksopen.com\/#\/schema\/logo\/image\/"},"sameAs":["https:\/\/www.linkedin.com\/company\/marksopen\/","https:\/\/www.facebook.com\/marksopen\/"]}]}},"_links":{"self":[{"href":"https:\/\/www.marksopen.com\/index.php?rest_route=\/wp\/v2\/pages\/139","targetHints":{"allow":["GET"]}}],"collection":[{"href":"https:\/\/www.marksopen.com\/index.php?rest_route=\/wp\/v2\/pages"}],"about":[{"href":"https:\/\/www.marksopen.com\/index.php?rest_route=\/wp\/v2\/types\/page"}],"author":[{"embeddable":true,"href":"https:\/\/www.marksopen.com\/index.php?rest_route=\/wp\/v2\/users\/1"}],"replies":[{"embeddable":true,"href":"https:\/\/www.marksopen.com\/index.php?rest_route=%2Fwp%2Fv2%2Fcomments&post=139"}],"version-history":[{"count":13,"href":"https:\/\/www.marksopen.com\/index.php?rest_route=\/wp\/v2\/pages\/139\/revisions"}],"predecessor-version":[{"id":239,"href":"https:\/\/www.marksopen.com\/index.php?rest_route=\/wp\/v2\/pages\/139\/revisions\/239"}],"wp:attachment":[{"href":"https:\/\/www.marksopen.com\/index.php?rest_route=%2Fwp%2Fv2%2Fmedia&parent=139"}],"curies":[{"name":"wp","href":"https:\/\/api.w.org\/{rel}","templated":true}]}}